{"id":292,"date":"2022-06-14T15:16:05","date_gmt":"2022-06-14T15:16:05","guid":{"rendered":"http:\/\/34.145.165.175\/?page_id=292"},"modified":"2022-06-14T15:32:12","modified_gmt":"2022-06-14T15:32:12","slug":"oportunities","status":"publish","type":"page","link":"https:\/\/tnl-mcgill.com\/?page_id=292","title":{"rendered":"Oportunities"},"content":{"rendered":"\t\t<div data-elementor-type=\"wp-page\" data-elementor-id=\"292\" class=\"elementor elementor-292\">\n\t\t\t\t\t\t<section class=\"elementor-section elementor-top-section elementor-element elementor-element-5db0265 elementor-section-height-min-height elementor-section-boxed elementor-section-height-default elementor-section-items-middle\" data-id=\"5db0265\" data-element_type=\"section\" data-e-type=\"section\" data-settings=\"{&quot;background_background&quot;:&quot;slideshow&quot;,&quot;background_slideshow_gallery&quot;:[{&quot;id&quot;:294,&quot;url&quot;:&quot;http:\\\/\\\/tnl-mcgill.com\\\/wp-content\\\/uploads\\\/2022\\\/06\\\/opportunities_banner.gif&quot;}],&quot;background_slideshow_loop&quot;:&quot;yes&quot;,&quot;background_slideshow_slide_duration&quot;:5000,&quot;background_slideshow_slide_transition&quot;:&quot;fade&quot;,&quot;background_slideshow_transition_duration&quot;:500}\">\n\t\t\t\t\t\t<div class=\"elementor-container elementor-column-gap-default\">\n\t\t\t\t\t<div class=\"elementor-column elementor-col-100 elementor-top-column elementor-element elementor-element-37805ac\" data-id=\"37805ac\" data-element_type=\"column\" data-e-type=\"column\">\n\t\t\t<div class=\"elementor-widget-wrap\">\n\t\t\t\t\t\t\t<\/div>\n\t\t<\/div>\n\t\t\t\t\t<\/div>\n\t\t<\/section>\n\t\t\t\t<section class=\"elementor-section elementor-top-section elementor-element elementor-element-df17d3e elementor-section-boxed elementor-section-height-default elementor-section-height-default\" data-id=\"df17d3e\" data-element_type=\"section\" data-e-type=\"section\">\n\t\t\t\t\t\t<div class=\"elementor-container elementor-column-gap-default\">\n\t\t\t\t\t<div class=\"elementor-column elementor-col-100 elementor-top-column elementor-element elementor-element-76e0dda\" data-id=\"76e0dda\" data-element_type=\"column\" data-e-type=\"column\">\n\t\t\t<div class=\"elementor-widget-wrap elementor-element-populated\">\n\t\t\t\t\t\t<div class=\"elementor-element elementor-element-58d1f65 elementor-widget elementor-widget-spacer\" data-id=\"58d1f65\" data-element_type=\"widget\" data-e-type=\"widget\" data-widget_type=\"spacer.default\">\n\t\t\t\t<div class=\"elementor-widget-container\">\n\t\t\t\t\t\t\t<div class=\"elementor-spacer\">\n\t\t\t<div class=\"elementor-spacer-inner\"><\/div>\n\t\t<\/div>\n\t\t\t\t\t\t<\/div>\n\t\t\t\t<\/div>\n\t\t\t\t<div class=\"elementor-element elementor-element-0c204e5 elementor-widget elementor-widget-text-editor\" data-id=\"0c204e5\" data-element_type=\"widget\" data-e-type=\"widget\" data-widget_type=\"text-editor.default\">\n\t\t\t\t<div class=\"elementor-widget-container\">\n\t\t\t\t\t\t\t\t\t<p>Training future scientists in imaging neurodegeneration is one of TNL\u2019s major missions. In order to innovate in the field of imaging neurodegeneration, we nurture and employ a diverse and multidisciplinary team.\u00a0<\/p>\t\t\t\t\t\t\t\t<\/div>\n\t\t\t\t<\/div>\n\t\t\t\t<section class=\"elementor-section elementor-inner-section elementor-element elementor-element-6f4f694 elementor-section-boxed elementor-section-height-default elementor-section-height-default\" data-id=\"6f4f694\" data-element_type=\"section\" data-e-type=\"section\">\n\t\t\t\t\t\t<div class=\"elementor-container elementor-column-gap-default\">\n\t\t\t\t\t<div class=\"elementor-column elementor-col-50 elementor-inner-column elementor-element elementor-element-157ab44 elementor-invisible\" data-id=\"157ab44\" data-element_type=\"column\" data-e-type=\"column\" data-settings=\"{&quot;animation&quot;:&quot;fadeIn&quot;}\">\n\t\t\t<div class=\"elementor-widget-wrap elementor-element-populated\">\n\t\t\t\t\t\t<div class=\"elementor-element elementor-element-4d4160c elementor-widget elementor-widget-heading\" data-id=\"4d4160c\" data-element_type=\"widget\" data-e-type=\"widget\" data-widget_type=\"heading.default\">\n\t\t\t\t<div class=\"elementor-widget-container\">\n\t\t\t\t\t<h3 class=\"elementor-heading-title elementor-size-default\">Opportunities for M.Sc., MD., Ph.D. and post-doctoral fellows<\/h3>\t\t\t\t<\/div>\n\t\t\t\t<\/div>\n\t\t\t\t<div class=\"elementor-element elementor-element-85d17d7 elementor-widget elementor-widget-text-editor\" data-id=\"85d17d7\" data-element_type=\"widget\" data-e-type=\"widget\" data-widget_type=\"text-editor.default\">\n\t\t\t\t<div class=\"elementor-widget-container\">\n\t\t\t\t\t\t\t\t\t<p>Outstanding young academics interested in neuroimaging and neurodegeneration are encouraged to apply for positions in our laboratory. Due to the multidisciplinary activities in the lab, we accept students with academic degrees such as biochemistry, chemistry, computer science, statistics, engineering, mathematics, neuroscience, physics, economics, pharmacology, psychology and medicine.<\/p><p>Further information can be found at:<\/p><p><a href=\"http:\/\/www.mcgill.ca\/ipn\" target=\"_blank\" rel=\"noopener\">The McGill Integrated Program (IPN) in Neuroscience<\/a><\/p><p><a href=\"http:\/\/www.mcgill.ca\/psychiatry\/education\/graduate-program\" target=\"_blank\" rel=\"noopener\">The McGill Psychiatry graduate program<\/a><\/p>\t\t\t\t\t\t\t\t<\/div>\n\t\t\t\t<\/div>\n\t\t\t\t\t<\/div>\n\t\t<\/div>\n\t\t\t\t<div class=\"elementor-column elementor-col-50 elementor-inner-column elementor-element elementor-element-3042b6e elementor-invisible\" data-id=\"3042b6e\" data-element_type=\"column\" data-e-type=\"column\" data-settings=\"{&quot;animation&quot;:&quot;fadeIn&quot;}\">\n\t\t\t<div class=\"elementor-widget-wrap elementor-element-populated\">\n\t\t\t\t\t\t<div class=\"elementor-element elementor-element-b1382f5 elementor-widget elementor-widget-image\" data-id=\"b1382f5\" data-element_type=\"widget\" data-e-type=\"widget\" data-widget_type=\"image.default\">\n\t\t\t\t<div class=\"elementor-widget-container\">\n\t\t\t\t\t\t\t\t\t\t\t\t\t\t\t<img decoding=\"async\" src=\"https:\/\/tnl-mcgill.com\/wp-content\/uploads\/2022\/06\/1.png\" title=\"1\" alt=\"1\" loading=\"lazy\" \/>\t\t\t\t\t\t\t\t\t\t\t\t\t\t\t<\/div>\n\t\t\t\t<\/div>\n\t\t\t\t\t<\/div>\n\t\t<\/div>\n\t\t\t\t\t<\/div>\n\t\t<\/section>\n\t\t\t\t<section class=\"elementor-section elementor-inner-section elementor-element elementor-element-d11f405 elementor-section-boxed elementor-section-height-default elementor-section-height-default\" data-id=\"d11f405\" data-element_type=\"section\" data-e-type=\"section\">\n\t\t\t\t\t\t<div class=\"elementor-container elementor-column-gap-default\">\n\t\t\t\t\t<div class=\"elementor-column elementor-col-50 elementor-inner-column elementor-element elementor-element-96f0a66 elementor-invisible\" data-id=\"96f0a66\" data-element_type=\"column\" data-e-type=\"column\" data-settings=\"{&quot;animation&quot;:&quot;fadeIn&quot;}\">\n\t\t\t<div class=\"elementor-widget-wrap elementor-element-populated\">\n\t\t\t\t\t\t<div class=\"elementor-element elementor-element-6214103 elementor-widget elementor-widget-image\" data-id=\"6214103\" data-element_type=\"widget\" data-e-type=\"widget\" data-widget_type=\"image.default\">\n\t\t\t\t<div class=\"elementor-widget-container\">\n\t\t\t\t\t\t\t\t\t\t\t\t\t\t\t<img decoding=\"async\" src=\"https:\/\/tnl-mcgill.com\/wp-content\/uploads\/2022\/06\/2.png\" title=\"2\" alt=\"2\" loading=\"lazy\" \/>\t\t\t\t\t\t\t\t\t\t\t\t\t\t\t<\/div>\n\t\t\t\t<\/div>\n\t\t\t\t\t<\/div>\n\t\t<\/div>\n\t\t\t\t<div class=\"elementor-column elementor-col-50 elementor-inner-column elementor-element elementor-element-3fb6148 elementor-invisible\" data-id=\"3fb6148\" data-element_type=\"column\" data-e-type=\"column\" data-settings=\"{&quot;animation&quot;:&quot;fadeIn&quot;}\">\n\t\t\t<div class=\"elementor-widget-wrap elementor-element-populated\">\n\t\t\t\t\t\t<div class=\"elementor-element elementor-element-2bdeb18 elementor-widget elementor-widget-heading\" data-id=\"2bdeb18\" data-element_type=\"widget\" data-e-type=\"widget\" data-widget_type=\"heading.default\">\n\t\t\t\t<div class=\"elementor-widget-container\">\n\t\t\t\t\t<h3 class=\"elementor-heading-title elementor-size-default\">Undergraduates and summer students<\/h3>\t\t\t\t<\/div>\n\t\t\t\t<\/div>\n\t\t\t\t<div class=\"elementor-element elementor-element-3d6b3ad elementor-widget elementor-widget-text-editor\" data-id=\"3d6b3ad\" data-element_type=\"widget\" data-e-type=\"widget\" data-widget_type=\"text-editor.default\">\n\t\t\t\t<div class=\"elementor-widget-container\">\n\t\t\t\t\t\t\t\t\t<div id=\"main-wrapper\" class=\"container\"><div class=\"container\" role=\"main\"><div class=\"row column-content-wrapper\"><div id=\"content\" class=\"span12 article-container tc-gallery-style\"><article id=\"page-174\" class=\"row-fluid post-174 page type-page status-publish hentry\"><div class=\"entry-content\"><p>Undergraduates are fully involved in our research and academic activities. Undergraduates should indicate a desire to conduct research either on in vivo imaging (human or experimental models) or post-mortem techniques. We accept applications from other countries. Please send applications to the pedro.rosa@alzheimer.mcgill.ca<\/p><p>Non-academic volunteers are welcome to join our efforts. Please submit an application to:<a href=\"http:\/\/alzheimer.mcgill.ca\/volunteer.html\" target=\"_blank\" rel=\"noopener\">http:\/\/alzheimer.mcgill.ca\/volunteer.html<\/a><\/p><p>Estudantes parte do programa Ci\u00eancia sem Fronteiras (CSF) s\u00e3o muito bem-vindos neste laborat\u00f3rio.<br \/>Veja detalhes:<br \/><a href=\"http:\/\/www.cbie-bcei.ca\/what-we-do\/student-portal\/brazil\" target=\"_blank\" rel=\"noopener\">http:\/\/www.cbie-bcei.ca\/what-we-do\/student-portal\/brazil<\/a><\/p><\/div><\/article><\/div><\/div><\/div><\/div>\t\t\t\t\t\t\t\t<\/div>\n\t\t\t\t<\/div>\n\t\t\t\t\t<\/div>\n\t\t<\/div>\n\t\t\t\t\t<\/div>\n\t\t<\/section>\n\t\t\t\t<div class=\"elementor-element elementor-element-73cb4b6 elementor-widget elementor-widget-spacer\" data-id=\"73cb4b6\" data-element_type=\"widget\" data-e-type=\"widget\" data-widget_type=\"spacer.default\">\n\t\t\t\t<div class=\"elementor-widget-container\">\n\t\t\t\t\t\t\t<div class=\"elementor-spacer\">\n\t\t\t<div class=\"elementor-spacer-inner\"><\/div>\n\t\t<\/div>\n\t\t\t\t\t\t<\/div>\n\t\t\t\t<\/div>\n\t\t\t\t\t<\/div>\n\t\t<\/div>\n\t\t\t\t\t<\/div>\n\t\t<\/section>\n\t\t\t\t<\/div>\n\t\t","protected":false},"excerpt":{"rendered":"<p>Training future scientists in imaging neurodegeneration is one of TNL\u2019s major missions. In order to innovate in the field of imaging neurodegeneration, we nurture and employ a diverse and multidisciplinary team.\u00a0 Opportunities for M.Sc., MD., Ph.D. and post-doctoral fellows Outstanding young academics interested in neuroimaging and neurodegeneration are encouraged to apply for positions in our [&hellip;]<\/p>\n","protected":false},"author":1,"featured_media":0,"parent":0,"menu_order":0,"comment_status":"closed","ping_status":"closed","template":"","meta":{"footnotes":""},"class_list":["post-292","page","type-page","status-publish","hentry"],"_links":{"self":[{"href":"https:\/\/tnl-mcgill.com\/index.php?rest_route=\/wp\/v2\/pages\/292","targetHints":{"allow":["GET"]}}],"collection":[{"href":"https:\/\/tnl-mcgill.com\/index.php?rest_route=\/wp\/v2\/pages"}],"about":[{"href":"https:\/\/tnl-mcgill.com\/index.php?rest_route=\/wp\/v2\/types\/page"}],"author":[{"embeddable":true,"href":"https:\/\/tnl-mcgill.com\/index.php?rest_route=\/wp\/v2\/users\/1"}],"replies":[{"embeddable":true,"href":"https:\/\/tnl-mcgill.com\/index.php?rest_route=%2Fwp%2Fv2%2Fcomments&post=292"}],"version-history":[{"count":28,"href":"https:\/\/tnl-mcgill.com\/index.php?rest_route=\/wp\/v2\/pages\/292\/revisions"}],"predecessor-version":[{"id":324,"href":"https:\/\/tnl-mcgill.com\/index.php?rest_route=\/wp\/v2\/pages\/292\/revisions\/324"}],"wp:attachment":[{"href":"https:\/\/tnl-mcgill.com\/index.php?rest_route=%2Fwp%2Fv2%2Fmedia&parent=292"}],"curies":[{"name":"wp","href":"https:\/\/api.w.org\/{rel}","templated":true}]}}